{"id":2,"date":"2024-01-17T15:55:43","date_gmt":"2024-01-17T15:55:43","guid":{"rendered":"https:\/\/academiacanaria.com.uy\/?page_id=2"},"modified":"2024-04-03T22:49:49","modified_gmt":"2024-04-03T22:49:49","slug":"sample-page","status":"publish","type":"page","link":"https:\/\/academiacanaria.com.uy\/","title":{"rendered":"EXCELENCIA EN CONDUCCI\u00d3N"},"content":{"rendered":"\n<p class=\"has-text-align-center has-large-font-size\">Con m\u00e1s de 47 a\u00f1os de experiencia de generaci\u00f3n en generaci\u00f3n: Academia Obelisco, Academia Costa de Oro y desde hace 10 a\u00f1os Academia Canaria brindamos a nuestros clientes y alumnos las herramientas, informaci\u00f3n y pr\u00e1ctica para que lleguen a ser conductores seguros, responsables e integrales.<br>Somos sin lugar a dudas la academia de choferes m\u00e1s grande de Canelones.<\/p>\n\n\n\n<p class=\"has-text-align-center has-large-font-size\">Nuestro curso incluye clases pr\u00e1cticas y te\u00f3ricas, herramientas indispensables para el conocimiento y habilidad para con el veh\u00edculo, responsabilidad vial y para con la vida del otro.<br>Porque todos somos peatones y conductores.<br>Te ofrecemos siempre un servicio actualizado y personalizado.<br><br><\/p>\n\n\n\n<p class=\"has-text-align-center has-medium-font-size\">Puerta a puerta<\/p>\n\n\n\n<p class=\"has-text-align-center has-medium-font-size\">Te pasamos a buscar y te llevamos a tu casa en todas tus clases, para ahorrarte tiempo.<br><br>Modernas unidades<\/p>\n\n\n\n<p class=\"has-text-align-center has-medium-font-size\">Todos nuestros veh\u00edculos cuentan con Direcci\u00f3n Hidr\u00e1ulica y Aire Acondicionado.<br><br>Simulador<br>Pod\u00e9s usar nuestro simulador sin costo adicional para practicar y sentirte seguro en la calle.<br><br>Experiencia<br>Seleccionamos para tu mejor aprendizaje profesionales con experiencia.<br><br><br><br><br><br><\/p>\n","protected":false},"excerpt":{"rendered":"<p>Con m\u00e1s de 47 a\u00f1os de experiencia de generaci\u00f3n en generaci\u00f3n: Academia Obelisco, Academia Costa de Oro y desde hace 10 a\u00f1os Academia Canaria brindamos a nuestros clientes y alumnos las herramientas, informaci\u00f3n y pr\u00e1ctica para que lleguen a ser conductores seguros, responsables e integrales.Somos sin lugar a dudas la academia de choferes m\u00e1s grande [&hellip;]<\/p>\n","protected":false},"author":1,"featured_media":0,"parent":0,"menu_order":0,"comment_status":"closed","ping_status":"open","template":"","meta":{"footnotes":""},"class_list":["post-2","page","type-page","status-publish","hentry"],"_links":{"self":[{"href":"https:\/\/academiacanaria.com.uy\/index.php?rest_route=\/wp\/v2\/pages\/2","targetHints":{"allow":["GET"]}}],"collection":[{"href":"https:\/\/academiacanaria.com.uy\/index.php?rest_route=\/wp\/v2\/pages"}],"about":[{"href":"https:\/\/academiacanaria.com.uy\/index.php?rest_route=\/wp\/v2\/types\/page"}],"author":[{"embeddable":true,"href":"https:\/\/academiacanaria.com.uy\/index.php?rest_route=\/wp\/v2\/users\/1"}],"replies":[{"embeddable":true,"href":"https:\/\/academiacanaria.com.uy\/index.php?rest_route=%2Fwp%2Fv2%2Fcomments&post=2"}],"version-history":[{"count":6,"href":"https:\/\/academiacanaria.com.uy\/index.php?rest_route=\/wp\/v2\/pages\/2\/revisions"}],"predecessor-version":[{"id":23,"href":"https:\/\/academiacanaria.com.uy\/index.php?rest_route=\/wp\/v2\/pages\/2\/revisions\/23"}],"wp:attachment":[{"href":"https:\/\/academiacanaria.com.uy\/index.php?rest_route=%2Fwp%2Fv2%2Fmedia&parent=2"}],"curies":[{"name":"wp","href":"https:\/\/api.w.org\/{rel}","templated":true}]}}